{"id":31,"date":"2022-10-03T16:21:37","date_gmt":"2022-10-03T16:21:37","guid":{"rendered":"http:\/\/smolany.pl\/?page_id=31"},"modified":"2022-10-03T17:41:14","modified_gmt":"2022-10-03T17:41:14","slug":"grupy-parafialne","status":"publish","type":"page","link":"https:\/\/smolany.pl\/?page_id=31","title":{"rendered":"Grupy parafialne"},"content":{"rendered":"\n<ul class=\"wp-block-list\"><li><strong>Rada Ekonomiczna<\/strong><\/li><li><strong>Rada Duszpasterska<\/strong><\/li><li><strong>Parafialne Ko\u0142o Caritas<\/strong><\/li><li><strong>Ko\u0142a R\u00f3\u017ca\u0144cowe<\/strong><\/li><li><strong>Liturgiczna S\u0142u\u017cba O\u0142tarza<\/strong><\/li><\/ul>\n","protected":false},"excerpt":{"rendered":"<p>Rada Ekonomiczna Rada Duszpasterska Parafialne Ko\u0142o Caritas Ko\u0142a R\u00f3\u017ca\u0144cowe Liturgiczna S\u0142u\u017cba O\u0142tarza<\/p>\n","protected":false},"author":1,"featured_media":0,"parent":12,"menu_order":3,"comment_status":"closed","ping_status":"closed","template":"template-fullwide.php","meta":{"pgc_sgb_lightbox_settings":"","footnotes":""},"class_list":["post-31","page","type-page","status-publish","hentry"],"yoast_head":"<!-- This site is optimized with the Yoast SEO plugin v26.4 - https:\/\/yoast.com\/wordpress\/plugins\/seo\/ -->\n<title>Grupy parafialne - Smolany<\/title>\n<meta name=\"robots\" content=\"index, follow, max-snippet:-1, max-image-preview:large, max-video-preview:-1\" \/>\n<link rel=\"canonical\" href=\"http:\/\/smolany.pl\/?page_id=31\" \/>\n<meta property=\"og:locale\" content=\"pl_PL\" \/>\n<meta property=\"og:type\" content=\"article\" \/>\n<meta property=\"og:title\" content=\"Grupy parafialne - Smolany\" \/>\n<meta property=\"og:description\" content=\"Rada Ekonomiczna Rada Duszpasterska Parafialne Ko\u0142o Caritas Ko\u0142a R\u00f3\u017ca\u0144cowe Liturgiczna S\u0142u\u017cba O\u0142tarza\" \/>\n<meta property=\"og:url\" content=\"http:\/\/smolany.pl\/?page_id=31\" \/>\n<meta property=\"og:site_name\" content=\"Smolany\" \/>\n<meta property=\"article:modified_time\" content=\"2022-10-03T17:41:14+00:00\" \/>\n<meta name=\"twitter:card\" content=\"summary_large_image\" \/>\n<script type=\"application\/ld+json\" class=\"yoast-schema-graph\">{\"@context\":\"https:\/\/schema.org\",\"@graph\":[{\"@type\":\"WebPage\",\"@id\":\"http:\/\/smolany.pl\/?page_id=31\",\"url\":\"http:\/\/smolany.pl\/?page_id=31\",\"name\":\"Grupy parafialne - Smolany\",\"isPartOf\":{\"@id\":\"https:\/\/smolany.pl\/#website\"},\"datePublished\":\"2022-10-03T16:21:37+00:00\",\"dateModified\":\"2022-10-03T17:41:14+00:00\",\"breadcrumb\":{\"@id\":\"http:\/\/smolany.pl\/?page_id=31#breadcrumb\"},\"inLanguage\":\"pl-PL\",\"potentialAction\":[{\"@type\":\"ReadAction\",\"target\":[\"http:\/\/smolany.pl\/?page_id=31\"]}]},{\"@type\":\"BreadcrumbList\",\"@id\":\"http:\/\/smolany.pl\/?page_id=31#breadcrumb\",\"itemListElement\":[{\"@type\":\"ListItem\",\"position\":1,\"name\":\"Strona g\u0142\u00f3wna\",\"item\":\"https:\/\/smolany.pl\/\"},{\"@type\":\"ListItem\",\"position\":2,\"name\":\"Parafia\",\"item\":\"https:\/\/smolany.pl\/?page_id=12\"},{\"@type\":\"ListItem\",\"position\":3,\"name\":\"Grupy parafialne\"}]},{\"@type\":\"WebSite\",\"@id\":\"https:\/\/smolany.pl\/#website\",\"url\":\"https:\/\/smolany.pl\/\",\"name\":\"Smolany\",\"description\":\"Parafia pw. \u015aw. Izydora Oracza w Smolanach\",\"potentialAction\":[{\"@type\":\"SearchAction\",\"target\":{\"@type\":\"EntryPoint\",\"urlTemplate\":\"https:\/\/smolany.pl\/?s={search_term_string}\"},\"query-input\":{\"@type\":\"PropertyValueSpecification\",\"valueRequired\":true,\"valueName\":\"search_term_string\"}}],\"inLanguage\":\"pl-PL\"}]}<\/script>\n<!-- \/ Yoast SEO plugin. -->","yoast_head_json":{"title":"Grupy parafialne - Smolany","robots":{"index":"index","follow":"follow","max-snippet":"max-snippet:-1","max-image-preview":"max-image-preview:large","max-video-preview":"max-video-preview:-1"},"canonical":"http:\/\/smolany.pl\/?page_id=31","og_locale":"pl_PL","og_type":"article","og_title":"Grupy parafialne - Smolany","og_description":"Rada Ekonomiczna Rada Duszpasterska Parafialne Ko\u0142o Caritas Ko\u0142a R\u00f3\u017ca\u0144cowe Liturgiczna S\u0142u\u017cba O\u0142tarza","og_url":"http:\/\/smolany.pl\/?page_id=31","og_site_name":"Smolany","article_modified_time":"2022-10-03T17:41:14+00:00","twitter_card":"summary_large_image","schema":{"@context":"https:\/\/schema.org","@graph":[{"@type":"WebPage","@id":"http:\/\/smolany.pl\/?page_id=31","url":"http:\/\/smolany.pl\/?page_id=31","name":"Grupy parafialne - Smolany","isPartOf":{"@id":"https:\/\/smolany.pl\/#website"},"datePublished":"2022-10-03T16:21:37+00:00","dateModified":"2022-10-03T17:41:14+00:00","breadcrumb":{"@id":"http:\/\/smolany.pl\/?page_id=31#breadcrumb"},"inLanguage":"pl-PL","potentialAction":[{"@type":"ReadAction","target":["http:\/\/smolany.pl\/?page_id=31"]}]},{"@type":"BreadcrumbList","@id":"http:\/\/smolany.pl\/?page_id=31#breadcrumb","itemListElement":[{"@type":"ListItem","position":1,"name":"Strona g\u0142\u00f3wna","item":"https:\/\/smolany.pl\/"},{"@type":"ListItem","position":2,"name":"Parafia","item":"https:\/\/smolany.pl\/?page_id=12"},{"@type":"ListItem","position":3,"name":"Grupy parafialne"}]},{"@type":"WebSite","@id":"https:\/\/smolany.pl\/#website","url":"https:\/\/smolany.pl\/","name":"Smolany","description":"Parafia pw. \u015aw. Izydora Oracza w Smolanach","potentialAction":[{"@type":"SearchAction","target":{"@type":"EntryPoint","urlTemplate":"https:\/\/smolany.pl\/?s={search_term_string}"},"query-input":{"@type":"PropertyValueSpecification","valueRequired":true,"valueName":"search_term_string"}}],"inLanguage":"pl-PL"}]}},"_links":{"self":[{"href":"https:\/\/smolany.pl\/index.php?rest_route=\/wp\/v2\/pages\/31","targetHints":{"allow":["GET"]}}],"collection":[{"href":"https:\/\/smolany.pl\/index.php?rest_route=\/wp\/v2\/pages"}],"about":[{"href":"https:\/\/smolany.pl\/index.php?rest_route=\/wp\/v2\/types\/page"}],"author":[{"embeddable":true,"href":"https:\/\/smolany.pl\/index.php?rest_route=\/wp\/v2\/users\/1"}],"replies":[{"embeddable":true,"href":"https:\/\/smolany.pl\/index.php?rest_route=%2Fwp%2Fv2%2Fcomments&post=31"}],"version-history":[{"count":1,"href":"https:\/\/smolany.pl\/index.php?rest_route=\/wp\/v2\/pages\/31\/revisions"}],"predecessor-version":[{"id":32,"href":"https:\/\/smolany.pl\/index.php?rest_route=\/wp\/v2\/pages\/31\/revisions\/32"}],"up":[{"embeddable":true,"href":"https:\/\/smolany.pl\/index.php?rest_route=\/wp\/v2\/pages\/12"}],"wp:attachment":[{"href":"https:\/\/smolany.pl\/index.php?rest_route=%2Fwp%2Fv2%2Fmedia&parent=31"}],"curies":[{"name":"wp","href":"https:\/\/api.w.org\/{rel}","templated":true}]}}