{"id":36,"date":"2022-10-03T16:28:07","date_gmt":"2022-10-03T16:28:07","guid":{"rendered":"http:\/\/smolany.pl\/?page_id=36"},"modified":"2022-10-03T17:43:50","modified_gmt":"2022-10-03T17:43:50","slug":"historia","status":"publish","type":"page","link":"https:\/\/smolany.pl\/?page_id=36","title":{"rendered":"Historia"},"content":{"rendered":"\n<p>Poznaj histori\u0119 naszej parafii<\/p>\n\n\n\n<h2 class=\"wp-block-heading\">Informacje o&nbsp;Parafii<\/h2>\n\n\n\n<p>Parafia w&nbsp;Smolanach zosta\u0142a erygowana 4 listopada 1897 roku. Sama miejscowo\u015b\u0107 Smolany znana jest ju\u017c od&nbsp;po\u0142owy XVII wieku, ju\u017c w\u00f3wczas sta\u0142 tu&nbsp;ko\u015bci\u00f3\u0142. W\u0142a\u015bciciel d\u00f3br Smolany Micha\u0142 Haberman (+1851) w&nbsp;osadzie fabrycznej Smolany zbudowa\u0142 w&nbsp;latach 1834-1839 ko\u015bci\u00f3\u0142 pod&nbsp;wezwaniem \u015bw.&nbsp;Izydora. W&nbsp;1839 roku sprowadzi\u0142 z&nbsp;Zar\u0105b Ko\u015bcielnych ojc\u00f3w Framciszkan\u00f3w Reformat\u00f3w, dla kt\u00f3rych&nbsp;wybudowa\u0142 klasztor. Ojcowie Reformaci w&nbsp;wyniku represji po&nbsp;Powstaniu Styczniowym w&nbsp;1873 roku zostali st\u0105d usuni\u0119ci. Pozwolono na&nbsp;pozostanie tylko&nbsp;jednemu ojcu jako rektorowi ko\u015bcio\u0142a, kt\u00f3ry&nbsp;zmar\u0142 w&nbsp;1889 roku. Nast\u0119pnie duszpasterstwo prowadzili ksi\u0119\u017ca diecezjalni. W&nbsp;latach 1977-1995 pos\u0142ugi w&nbsp;parafii i&nbsp;domu rekolekcyjnym podj\u0119li si\u0119 ksi\u0119\u017ca Misjonarze Oblaci Maryi Niepokalanej. W&nbsp;tym czasie rozpocz\u0119to kapitalny remont ko\u015bcio\u0142a i&nbsp;budynku klasztornego, kt\u00f3ry&nbsp;zosta\u0142 zwie\u0144czony po\u015bwi\u0119ceniem odrestaurowanej \u015bwi\u0105tyni w&nbsp;dniu 14 grudnia 2003 r. przez&nbsp;Ks.&nbsp;Bp&nbsp;Jerzego Mazura SVD. Po&nbsp;obj\u0119ciu tej&nbsp;parafii w&nbsp;1995 roku przez&nbsp;diecezj\u0119 zabudowania poklasztorne zosta\u0142y przeznaczone na&nbsp;Dom Rekolekcyjny Diecezji E\u0142ckiej.<\/p>\n\n\n\n<p><strong>\u015awi\u0105tynia i&nbsp;wyposa\u017cenie:<\/strong><br>Ko\u015bci\u00f3\u0142 pokryty blach\u0105 miedzian\u0105, zbudowany z&nbsp;kamienia na&nbsp;planie prostok\u0105ta, otynkowany, bezstylowy, o&nbsp;wymiarach 26 m na&nbsp;12 m i&nbsp;wysoko\u015bci do&nbsp;sklepienia 9 m, z&nbsp;jedn\u0105 wie\u017c\u0105 o&nbsp;wysoko\u015bci 14 m, rozdzielony na&nbsp;trzy nawy i&nbsp;osiem prz\u0119se\u0142 przy pomocy filar\u00f3w o&nbsp;podstawie kwadrat\u00f3w ze&nbsp;\u015bci\u0119tymi naro\u017cnikami. Nawa g\u0142\u00f3wna ko\u015bcio\u0142a jest dwukrotnie szersza od&nbsp;naw bocznych. Ponadto ko\u015bci\u00f3\u0142 posiada krucht\u0119 przy wej\u015bciu g\u0142\u00f3wnym, nad&nbsp;kt\u00f3r\u0105 umieszczony jest ch\u00f3r muzyczny wyposa\u017cony w&nbsp;organy piszcza\u0142kowe. W&nbsp;prezbiterium za\u015b w&nbsp;o\u0142tarzu g\u0142\u00f3wnym znajduje si\u0119 figura Chrystusa Ukrzy\u017cowanego. Na&nbsp;\u015bcianie frontowej lewej nawy bocznej umieszony jest obraz Matki Bo\u017cej Anielskiej, natomiast w&nbsp;prawej nawie bocznej znajduje si\u0119 obraz \u015bw.&nbsp;Izydora Oracza \u2013 g\u0142\u00f3wnego patrona parafii. Na&nbsp;\u015bcianach bocznych wisz\u0105 obrazy stacji drogi krzy\u017cowej. Parafia posiada relikwie Krzy\u017ca \u015awi\u0119tego, oraz&nbsp;obrazy \u015bw.&nbsp;Antoniego Padewskiego, \u015bw.&nbsp;Micha\u0142a Archanio\u0142a, Matki Boskiej Cz\u0119stochowskiej, Matki Bo\u017cej Nieustaj\u0105cej Pomocy i&nbsp;Naj\u015bwi\u0119tszego Serca Pana Jezusa.<\/p>\n\n\n\n<p>Do ko\u015bcio\u0142a przylega budynek klasztorny tworz\u0105cy jedn\u0105 ca\u0142o\u015b\u0107 w&nbsp;kszta\u0142cie litery \u201eU\u201d. Kompleks ten jest wpisany do&nbsp;rejestru zabytk\u00f3w.<\/p>\n\n\n\n<p>Na cmentarzu przyko\u015bcielnym wzniesiona zosta\u0142a w&nbsp;1846 roku zabytkowa kaplica \u2013 grobowiec p.w. \u015bw.&nbsp;Micha\u0142a Archanio\u0142a, gdzie w&nbsp;podziemiach znajduj\u0105 si\u0119 trumny z&nbsp;doczesnymi szcz\u0105tkami rodziny Haberman\u00f3w \u2013 fundator\u00f3w ko\u015bcio\u0142a i&nbsp;parafii. Po&nbsp;ostatnim remoncie kaplica pe\u0142ni rol\u0119 przedpogrzebowej kaplicy i&nbsp;dzwonnicy z&nbsp;trzema dzwonami sterowanymi elektronicznie.<\/p>\n","protected":false},"excerpt":{"rendered":"<p>Poznaj histori\u0119 naszej parafii Informacje o&nbsp;Parafii Parafia w&nbsp;Smolanach zosta\u0142a erygowana 4 listopada 1897 roku. Sama miejscowo\u015b\u0107 Smolany znana jest ju\u017c od&nbsp;po\u0142owy XVII wieku, ju\u017c w\u00f3wczas sta\u0142 tu&nbsp;ko\u015bci\u00f3\u0142. W\u0142a\u015bciciel d\u00f3br Smolany Micha\u0142 Haberman (+1851) w&nbsp;osadzie fabrycznej Smolany zbudowa\u0142 w&nbsp;latach 1834-1839 ko\u015bci\u00f3\u0142 pod&nbsp;wezwaniem \u015bw.&nbsp;Izydora. W&nbsp;1839 roku sprowadzi\u0142 z&nbsp;Zar\u0105b Ko\u015bcielnych ojc\u00f3w Framciszkan\u00f3w Reformat\u00f3w, dla kt\u00f3rych&nbsp;wybudowa\u0142 klasztor. Ojcowie Reformaci [&hellip;]<\/p>\n","protected":false},"author":1,"featured_media":0,"parent":12,"menu_order":4,"comment_status":"closed","ping_status":"closed","template":"template-fullwide.php","meta":{"pgc_sgb_lightbox_settings":"","footnotes":""},"class_list":["post-36","page","type-page","status-publish","hentry"],"yoast_head":"<!-- This site is optimized with the Yoast SEO plugin v26.4 - https:\/\/yoast.com\/wordpress\/plugins\/seo\/ -->\n<title>Historia - Smolany<\/title>\n<meta name=\"robots\" content=\"index, follow, max-snippet:-1, max-image-preview:large, max-video-preview:-1\" \/>\n<link rel=\"canonical\" href=\"https:\/\/smolany.pl\/?page_id=36\" \/>\n<meta property=\"og:locale\" content=\"pl_PL\" \/>\n<meta property=\"og:type\" content=\"article\" \/>\n<meta property=\"og:title\" content=\"Historia - Smolany\" \/>\n<meta property=\"og:description\" content=\"Poznaj histori\u0119 naszej parafii Informacje o&nbsp;Parafii Parafia w&nbsp;Smolanach zosta\u0142a erygowana 4 listopada 1897 roku. Sama miejscowo\u015b\u0107 Smolany znana jest ju\u017c od&nbsp;po\u0142owy XVII wieku, ju\u017c w\u00f3wczas sta\u0142 tu&nbsp;ko\u015bci\u00f3\u0142. W\u0142a\u015bciciel d\u00f3br Smolany Micha\u0142 Haberman (+1851) w&nbsp;osadzie fabrycznej Smolany zbudowa\u0142 w&nbsp;latach 1834-1839 ko\u015bci\u00f3\u0142 pod&nbsp;wezwaniem \u015bw.&nbsp;Izydora. W&nbsp;1839 roku sprowadzi\u0142 z&nbsp;Zar\u0105b Ko\u015bcielnych ojc\u00f3w Framciszkan\u00f3w Reformat\u00f3w, dla kt\u00f3rych&nbsp;wybudowa\u0142 klasztor. Ojcowie Reformaci [&hellip;]\" \/>\n<meta property=\"og:url\" content=\"https:\/\/smolany.pl\/?page_id=36\" \/>\n<meta property=\"og:site_name\" content=\"Smolany\" \/>\n<meta property=\"article:modified_time\" content=\"2022-10-03T17:43:50+00:00\" \/>\n<meta name=\"twitter:card\" content=\"summary_large_image\" \/>\n<meta name=\"twitter:label1\" content=\"Szacowany czas czytania\" \/>\n\t<meta name=\"twitter:data1\" content=\"3 minuty\" \/>\n<script type=\"application\/ld+json\" class=\"yoast-schema-graph\">{\"@context\":\"https:\/\/schema.org\",\"@graph\":[{\"@type\":\"WebPage\",\"@id\":\"https:\/\/smolany.pl\/?page_id=36\",\"url\":\"https:\/\/smolany.pl\/?page_id=36\",\"name\":\"Historia - Smolany\",\"isPartOf\":{\"@id\":\"https:\/\/smolany.pl\/#website\"},\"datePublished\":\"2022-10-03T16:28:07+00:00\",\"dateModified\":\"2022-10-03T17:43:50+00:00\",\"breadcrumb\":{\"@id\":\"https:\/\/smolany.pl\/?page_id=36#breadcrumb\"},\"inLanguage\":\"pl-PL\",\"potentialAction\":[{\"@type\":\"ReadAction\",\"target\":[\"https:\/\/smolany.pl\/?page_id=36\"]}]},{\"@type\":\"BreadcrumbList\",\"@id\":\"https:\/\/smolany.pl\/?page_id=36#breadcrumb\",\"itemListElement\":[{\"@type\":\"ListItem\",\"position\":1,\"name\":\"Strona g\u0142\u00f3wna\",\"item\":\"https:\/\/smolany.pl\/\"},{\"@type\":\"ListItem\",\"position\":2,\"name\":\"Parafia\",\"item\":\"https:\/\/smolany.pl\/?page_id=12\"},{\"@type\":\"ListItem\",\"position\":3,\"name\":\"Historia\"}]},{\"@type\":\"WebSite\",\"@id\":\"https:\/\/smolany.pl\/#website\",\"url\":\"https:\/\/smolany.pl\/\",\"name\":\"Smolany\",\"description\":\"Parafia pw. \u015aw. Izydora Oracza w Smolanach\",\"potentialAction\":[{\"@type\":\"SearchAction\",\"target\":{\"@type\":\"EntryPoint\",\"urlTemplate\":\"https:\/\/smolany.pl\/?s={search_term_string}\"},\"query-input\":{\"@type\":\"PropertyValueSpecification\",\"valueRequired\":true,\"valueName\":\"search_term_string\"}}],\"inLanguage\":\"pl-PL\"}]}<\/script>\n<!-- \/ Yoast SEO plugin. -->","yoast_head_json":{"title":"Historia - Smolany","robots":{"index":"index","follow":"follow","max-snippet":"max-snippet:-1","max-image-preview":"max-image-preview:large","max-video-preview":"max-video-preview:-1"},"canonical":"https:\/\/smolany.pl\/?page_id=36","og_locale":"pl_PL","og_type":"article","og_title":"Historia - Smolany","og_description":"Poznaj histori\u0119 naszej parafii Informacje o&nbsp;Parafii Parafia w&nbsp;Smolanach zosta\u0142a erygowana 4 listopada 1897 roku. Sama miejscowo\u015b\u0107 Smolany znana jest ju\u017c od&nbsp;po\u0142owy XVII wieku, ju\u017c w\u00f3wczas sta\u0142 tu&nbsp;ko\u015bci\u00f3\u0142. W\u0142a\u015bciciel d\u00f3br Smolany Micha\u0142 Haberman (+1851) w&nbsp;osadzie fabrycznej Smolany zbudowa\u0142 w&nbsp;latach 1834-1839 ko\u015bci\u00f3\u0142 pod&nbsp;wezwaniem \u015bw.&nbsp;Izydora. W&nbsp;1839 roku sprowadzi\u0142 z&nbsp;Zar\u0105b Ko\u015bcielnych ojc\u00f3w Framciszkan\u00f3w Reformat\u00f3w, dla kt\u00f3rych&nbsp;wybudowa\u0142 klasztor. Ojcowie Reformaci [&hellip;]","og_url":"https:\/\/smolany.pl\/?page_id=36","og_site_name":"Smolany","article_modified_time":"2022-10-03T17:43:50+00:00","twitter_card":"summary_large_image","twitter_misc":{"Szacowany czas czytania":"3 minuty"},"schema":{"@context":"https:\/\/schema.org","@graph":[{"@type":"WebPage","@id":"https:\/\/smolany.pl\/?page_id=36","url":"https:\/\/smolany.pl\/?page_id=36","name":"Historia - Smolany","isPartOf":{"@id":"https:\/\/smolany.pl\/#website"},"datePublished":"2022-10-03T16:28:07+00:00","dateModified":"2022-10-03T17:43:50+00:00","breadcrumb":{"@id":"https:\/\/smolany.pl\/?page_id=36#breadcrumb"},"inLanguage":"pl-PL","potentialAction":[{"@type":"ReadAction","target":["https:\/\/smolany.pl\/?page_id=36"]}]},{"@type":"BreadcrumbList","@id":"https:\/\/smolany.pl\/?page_id=36#breadcrumb","itemListElement":[{"@type":"ListItem","position":1,"name":"Strona g\u0142\u00f3wna","item":"https:\/\/smolany.pl\/"},{"@type":"ListItem","position":2,"name":"Parafia","item":"https:\/\/smolany.pl\/?page_id=12"},{"@type":"ListItem","position":3,"name":"Historia"}]},{"@type":"WebSite","@id":"https:\/\/smolany.pl\/#website","url":"https:\/\/smolany.pl\/","name":"Smolany","description":"Parafia pw. \u015aw. Izydora Oracza w Smolanach","potentialAction":[{"@type":"SearchAction","target":{"@type":"EntryPoint","urlTemplate":"https:\/\/smolany.pl\/?s={search_term_string}"},"query-input":{"@type":"PropertyValueSpecification","valueRequired":true,"valueName":"search_term_string"}}],"inLanguage":"pl-PL"}]}},"_links":{"self":[{"href":"https:\/\/smolany.pl\/index.php?rest_route=\/wp\/v2\/pages\/36","targetHints":{"allow":["GET"]}}],"collection":[{"href":"https:\/\/smolany.pl\/index.php?rest_route=\/wp\/v2\/pages"}],"about":[{"href":"https:\/\/smolany.pl\/index.php?rest_route=\/wp\/v2\/types\/page"}],"author":[{"embeddable":true,"href":"https:\/\/smolany.pl\/index.php?rest_route=\/wp\/v2\/users\/1"}],"replies":[{"embeddable":true,"href":"https:\/\/smolany.pl\/index.php?rest_route=%2Fwp%2Fv2%2Fcomments&post=36"}],"version-history":[{"count":2,"href":"https:\/\/smolany.pl\/index.php?rest_route=\/wp\/v2\/pages\/36\/revisions"}],"predecessor-version":[{"id":105,"href":"https:\/\/smolany.pl\/index.php?rest_route=\/wp\/v2\/pages\/36\/revisions\/105"}],"up":[{"embeddable":true,"href":"https:\/\/smolany.pl\/index.php?rest_route=\/wp\/v2\/pages\/12"}],"wp:attachment":[{"href":"https:\/\/smolany.pl\/index.php?rest_route=%2Fwp%2Fv2%2Fmedia&parent=36"}],"curies":[{"name":"wp","href":"https:\/\/api.w.org\/{rel}","templated":true}]}}