{"id":525,"date":"2024-01-31T11:09:01","date_gmt":"2024-01-31T11:09:01","guid":{"rendered":"https:\/\/smolany.pl\/?page_id=525"},"modified":"2024-02-26T17:26:12","modified_gmt":"2024-02-26T17:26:12","slug":"prow-2014-2020-dla-parafii","status":"publish","type":"page","link":"https:\/\/smolany.pl\/?page_id=525","title":{"rendered":"PROW 2014-2020 dla parafii"},"content":{"rendered":"\n<p class=\"has-colibri-color-6-color has-text-color has-link-color has-large-font-size wp-elements-e5c82750ecf4965e493f20ea61d9b31f\">\u201e<strong>Utworzenie infrastruktury rekreacyjnej przy parafii p.w. \u015bw. Izydora Oracza w Smolanach<\/strong>\u201d<\/p>\n\n\n\n<p class=\"has-colibri-color-6-color has-text-color has-link-color wp-elements-1738840f8a022bddab04998cd6a338e3\">27 Lipca 2023 r. ks. Proboszcz podpisa\u0142 umow\u0119 z marsza\u0142kiem wojew\u00f3dztwa podlaskiego, w ramach kt\u00f3rej przyznano nam dofinansowanie na operacj\u0119 pt. \u201e<strong>Utworzenia infrastruktury rekreacyjnej przy parafii p.w. \u015bw. Izydora Oracza w Smolanach<\/strong>\u201d<\/p>\n\n\n\n<p class=\"has-colibri-color-6-color has-text-color has-link-color wp-elements-20a1c48e1efd3160cc9f854b911f3461\">Uda\u0142o si\u0119 to poniewa\u017c z\u0142o\u017cyli\u015bmy wniosek , kt\u00f3ry odpowiada\u0142 na Lokaln\u0105 Strategi\u0119 Rozwoju Stowarzyszenia \u201eSuwalsko \u2013 Sejne\u0144ska\u201d Lokalna Grupa Dzia\u0142ania,&nbsp; kt\u00f3rej celem og\u00f3lnym by\u0142o:&nbsp;<strong>Poprawa jako\u015bci \u017cycia mieszka\u0144c\u00f3w terenu realizacji LSR do roku 2023<\/strong>&nbsp;a szczeg\u00f3\u0142owym:&nbsp;&nbsp;<strong>Poprawa materialnej i niematerialnej sfery \u017cycia na terenie LSR w zakresach: kultury, sztuki, edukacji, turystyki, rekreacji oraz integracji spo\u0142ecznej do roku 2023&nbsp;<\/strong>&nbsp;w ramach&nbsp;<strong>Programu Rozwoju Obszar\u00f3w Wiejskich 2014-2020<\/strong>.<\/p>\n\n\n\n<p class=\"has-colibri-color-6-color has-text-color has-link-color wp-elements-dacca06a219dd0a2109dc3d715748e1e\">Koszt ca\u0142ego przedsi\u0119wzi\u0119cia to<strong>&nbsp;65&nbsp;151,12&nbsp; z\u0142. a dofinansowanie wynios\u0142o 58&nbsp;356&nbsp; z\u0142.<\/strong><\/p>\n\n\n\n<p class=\"has-colibri-color-6-color has-text-color has-link-color wp-elements-7c2c3061ca2d5950360f36ca54df3e31\"><strong>Zapraszamy do korzystania!<\/strong><\/p>\n\n\n\n<figure class=\"wp-block-image size-large\"><img loading=\"lazy\" decoding=\"async\" width=\"1024\" height=\"724\" src=\"https:\/\/smolany.pl\/wp-content\/uploads\/2024\/02\/Smolany-LGD-5-1024x724.jpg\" alt=\"\" class=\"wp-image-588\" srcset=\"https:\/\/smolany.pl\/wp-content\/uploads\/2024\/02\/Smolany-LGD-5-1024x724.jpg 1024w, https:\/\/smolany.pl\/wp-content\/uploads\/2024\/02\/Smolany-LGD-5-300x212.jpg 300w, https:\/\/smolany.pl\/wp-content\/uploads\/2024\/02\/Smolany-LGD-5-768x543.jpg 768w, https:\/\/smolany.pl\/wp-content\/uploads\/2024\/02\/Smolany-LGD-5-1536x1086.jpg 1536w, https:\/\/smolany.pl\/wp-content\/uploads\/2024\/02\/Smolany-LGD-5-2048x1448.jpg 2048w\" sizes=\"auto, (max-width: 1024px) 100vw, 1024px\" \/><\/figure>\n\n\n\n<figure class=\"wp-block-gallery has-nested-images columns-default is-cropped wp-block-gallery-1 is-layout-flex wp-block-gallery-is-layout-flex\">\n<figure class=\"wp-block-image size-large\"><img loading=\"lazy\" decoding=\"async\" width=\"1024\" height=\"768\" data-id=\"574\" src=\"https:\/\/smolany.pl\/wp-content\/uploads\/2024\/02\/received_314489701578828-1024x768.jpeg\" alt=\"\" class=\"wp-image-574\" srcset=\"https:\/\/smolany.pl\/wp-content\/uploads\/2024\/02\/received_314489701578828-1024x768.jpeg 1024w, https:\/\/smolany.pl\/wp-content\/uploads\/2024\/02\/received_314489701578828-300x225.jpeg 300w, https:\/\/smolany.pl\/wp-content\/uploads\/2024\/02\/received_314489701578828-768x576.jpeg 768w, https:\/\/smolany.pl\/wp-content\/uploads\/2024\/02\/received_314489701578828-1536x1152.jpeg 1536w, https:\/\/smolany.pl\/wp-content\/uploads\/2024\/02\/received_314489701578828.jpeg 1930w\" sizes=\"auto, (max-width: 1024px) 100vw, 1024px\" \/><\/figure>\n\n\n\n<figure class=\"wp-block-image size-large\"><img loading=\"lazy\" decoding=\"async\" width=\"768\" height=\"1024\" data-id=\"567\" src=\"https:\/\/smolany.pl\/wp-content\/uploads\/2024\/02\/received_1105642683809265-768x1024.jpeg\" alt=\"\" class=\"wp-image-567\" srcset=\"https:\/\/smolany.pl\/wp-content\/uploads\/2024\/02\/received_1105642683809265-768x1024.jpeg 768w, https:\/\/smolany.pl\/wp-content\/uploads\/2024\/02\/received_1105642683809265-225x300.jpeg 225w, https:\/\/smolany.pl\/wp-content\/uploads\/2024\/02\/received_1105642683809265-1152x1536.jpeg 1152w, https:\/\/smolany.pl\/wp-content\/uploads\/2024\/02\/received_1105642683809265.jpeg 1448w\" sizes=\"auto, (max-width: 768px) 100vw, 768px\" \/><\/figure>\n\n\n\n<figure class=\"wp-block-image size-large\"><img loading=\"lazy\" decoding=\"async\" width=\"1024\" height=\"768\" data-id=\"571\" src=\"https:\/\/smolany.pl\/wp-content\/uploads\/2024\/02\/received_1047333956350203-1024x768.jpeg\" alt=\"\" class=\"wp-image-571\" srcset=\"https:\/\/smolany.pl\/wp-content\/uploads\/2024\/02\/received_1047333956350203-1024x768.jpeg 1024w, https:\/\/smolany.pl\/wp-content\/uploads\/2024\/02\/received_1047333956350203-300x225.jpeg 300w, https:\/\/smolany.pl\/wp-content\/uploads\/2024\/02\/received_1047333956350203-768x576.jpeg 768w, https:\/\/smolany.pl\/wp-content\/uploads\/2024\/02\/received_1047333956350203-1536x1152.jpeg 1536w, https:\/\/smolany.pl\/wp-content\/uploads\/2024\/02\/received_1047333956350203.jpeg 1930w\" sizes=\"auto, (max-width: 1024px) 100vw, 1024px\" \/><\/figure>\n\n\n\n<figure class=\"wp-block-image size-large\"><img loading=\"lazy\" decoding=\"async\" width=\"1024\" height=\"768\" data-id=\"570\" src=\"https:\/\/smolany.pl\/wp-content\/uploads\/2024\/02\/received_2079487119074303-1024x768.jpeg\" alt=\"\" class=\"wp-image-570\" srcset=\"https:\/\/smolany.pl\/wp-content\/uploads\/2024\/02\/received_2079487119074303-1024x768.jpeg 1024w, https:\/\/smolany.pl\/wp-content\/uploads\/2024\/02\/received_2079487119074303-300x225.jpeg 300w, https:\/\/smolany.pl\/wp-content\/uploads\/2024\/02\/received_2079487119074303-768x576.jpeg 768w, https:\/\/smolany.pl\/wp-content\/uploads\/2024\/02\/received_2079487119074303-1536x1152.jpeg 1536w, https:\/\/smolany.pl\/wp-content\/uploads\/2024\/02\/received_2079487119074303.jpeg 1930w\" sizes=\"auto, (max-width: 1024px) 100vw, 1024px\" \/><\/figure>\n\n\n\n<figure class=\"wp-block-image size-large\"><img loading=\"lazy\" decoding=\"async\" width=\"1024\" height=\"768\" data-id=\"573\" src=\"https:\/\/smolany.pl\/wp-content\/uploads\/2024\/02\/received_3543895089218156-1024x768.jpeg\" alt=\"\" class=\"wp-image-573\" srcset=\"https:\/\/smolany.pl\/wp-content\/uploads\/2024\/02\/received_3543895089218156-1024x768.jpeg 1024w, https:\/\/smolany.pl\/wp-content\/uploads\/2024\/02\/received_3543895089218156-300x225.jpeg 300w, https:\/\/smolany.pl\/wp-content\/uploads\/2024\/02\/received_3543895089218156-768x576.jpeg 768w, https:\/\/smolany.pl\/wp-content\/uploads\/2024\/02\/received_3543895089218156-1536x1152.jpeg 1536w, https:\/\/smolany.pl\/wp-content\/uploads\/2024\/02\/received_3543895089218156.jpeg 1930w\" sizes=\"auto, (max-width: 1024px) 100vw, 1024px\" \/><\/figure>\n\n\n\n<figure class=\"wp-block-image size-large\"><img loading=\"lazy\" decoding=\"async\" width=\"1024\" height=\"768\" data-id=\"569\" src=\"https:\/\/smolany.pl\/wp-content\/uploads\/2024\/02\/received_708233824827644-1024x768.jpeg\" alt=\"\" class=\"wp-image-569\" srcset=\"https:\/\/smolany.pl\/wp-content\/uploads\/2024\/02\/received_708233824827644-1024x768.jpeg 1024w, https:\/\/smolany.pl\/wp-content\/uploads\/2024\/02\/received_708233824827644-300x225.jpeg 300w, https:\/\/smolany.pl\/wp-content\/uploads\/2024\/02\/received_708233824827644-768x576.jpeg 768w, https:\/\/smolany.pl\/wp-content\/uploads\/2024\/02\/received_708233824827644-1536x1152.jpeg 1536w, https:\/\/smolany.pl\/wp-content\/uploads\/2024\/02\/received_708233824827644.jpeg 1930w\" sizes=\"auto, (max-width: 1024px) 100vw, 1024px\" \/><\/figure>\n\n\n\n<figure class=\"wp-block-image size-large\"><img loading=\"lazy\" decoding=\"async\" width=\"768\" height=\"1024\" data-id=\"566\" src=\"https:\/\/smolany.pl\/wp-content\/uploads\/2024\/02\/received_304356782618311-768x1024.jpeg\" alt=\"\" class=\"wp-image-566\" srcset=\"https:\/\/smolany.pl\/wp-content\/uploads\/2024\/02\/received_304356782618311-768x1024.jpeg 768w, https:\/\/smolany.pl\/wp-content\/uploads\/2024\/02\/received_304356782618311-225x300.jpeg 225w, https:\/\/smolany.pl\/wp-content\/uploads\/2024\/02\/received_304356782618311-1152x1536.jpeg 1152w, https:\/\/smolany.pl\/wp-content\/uploads\/2024\/02\/received_304356782618311.jpeg 1448w\" sizes=\"auto, (max-width: 768px) 100vw, 768px\" \/><\/figure>\n\n\n\n<figure class=\"wp-block-image size-large\"><img loading=\"lazy\" decoding=\"async\" width=\"768\" height=\"1024\" data-id=\"572\" src=\"https:\/\/smolany.pl\/wp-content\/uploads\/2024\/02\/received_939775303678006-768x1024.jpeg\" alt=\"\" class=\"wp-image-572\" srcset=\"https:\/\/smolany.pl\/wp-content\/uploads\/2024\/02\/received_939775303678006-768x1024.jpeg 768w, https:\/\/smolany.pl\/wp-content\/uploads\/2024\/02\/received_939775303678006-225x300.jpeg 225w, https:\/\/smolany.pl\/wp-content\/uploads\/2024\/02\/received_939775303678006-1152x1536.jpeg 1152w, https:\/\/smolany.pl\/wp-content\/uploads\/2024\/02\/received_939775303678006.jpeg 1448w\" sizes=\"auto, (max-width: 768px) 100vw, 768px\" \/><\/figure>\n\n\n\n<figure class=\"wp-block-image size-large\"><img loading=\"lazy\" decoding=\"async\" width=\"768\" height=\"1024\" data-id=\"568\" src=\"https:\/\/smolany.pl\/wp-content\/uploads\/2024\/02\/received_1462376478025179-768x1024.jpeg\" alt=\"\" class=\"wp-image-568\" srcset=\"https:\/\/smolany.pl\/wp-content\/uploads\/2024\/02\/received_1462376478025179-768x1024.jpeg 768w, https:\/\/smolany.pl\/wp-content\/uploads\/2024\/02\/received_1462376478025179-225x300.jpeg 225w, https:\/\/smolany.pl\/wp-content\/uploads\/2024\/02\/received_1462376478025179-1152x1536.jpeg 1152w, https:\/\/smolany.pl\/wp-content\/uploads\/2024\/02\/received_1462376478025179.jpeg 1448w\" sizes=\"auto, (max-width: 768px) 100vw, 768px\" \/><\/figure>\n\n\n\n<figure class=\"wp-block-image size-large\"><img loading=\"lazy\" decoding=\"async\" width=\"1024\" height=\"768\" data-id=\"563\" src=\"https:\/\/smolany.pl\/wp-content\/uploads\/2024\/02\/received_798543062104955-1024x768.jpeg\" alt=\"\" class=\"wp-image-563\" srcset=\"https:\/\/smolany.pl\/wp-content\/uploads\/2024\/02\/received_798543062104955-1024x768.jpeg 1024w, https:\/\/smolany.pl\/wp-content\/uploads\/2024\/02\/received_798543062104955-300x225.jpeg 300w, https:\/\/smolany.pl\/wp-content\/uploads\/2024\/02\/received_798543062104955-768x576.jpeg 768w, https:\/\/smolany.pl\/wp-content\/uploads\/2024\/02\/received_798543062104955-1536x1152.jpeg 1536w, https:\/\/smolany.pl\/wp-content\/uploads\/2024\/02\/received_798543062104955.jpeg 1930w\" sizes=\"auto, (max-width: 1024px) 100vw, 1024px\" \/><\/figure>\n\n\n\n<figure class=\"wp-block-image size-large\"><img loading=\"lazy\" decoding=\"async\" width=\"1024\" height=\"768\" data-id=\"564\" src=\"https:\/\/smolany.pl\/wp-content\/uploads\/2024\/02\/received_1052697652510225-1024x768.jpeg\" alt=\"\" class=\"wp-image-564\" srcset=\"https:\/\/smolany.pl\/wp-content\/uploads\/2024\/02\/received_1052697652510225-1024x768.jpeg 1024w, https:\/\/smolany.pl\/wp-content\/uploads\/2024\/02\/received_1052697652510225-300x225.jpeg 300w, https:\/\/smolany.pl\/wp-content\/uploads\/2024\/02\/received_1052697652510225-768x576.jpeg 768w, https:\/\/smolany.pl\/wp-content\/uploads\/2024\/02\/received_1052697652510225-1536x1152.jpeg 1536w, https:\/\/smolany.pl\/wp-content\/uploads\/2024\/02\/received_1052697652510225.jpeg 1930w\" sizes=\"auto, (max-width: 1024px) 100vw, 1024px\" \/><\/figure>\n\n\n\n<figure class=\"wp-block-image size-large\"><img loading=\"lazy\" decoding=\"async\" width=\"1024\" height=\"768\" data-id=\"565\" src=\"https:\/\/smolany.pl\/wp-content\/uploads\/2024\/02\/received_890600279415612-1024x768.jpeg\" alt=\"\" class=\"wp-image-565\" srcset=\"https:\/\/smolany.pl\/wp-content\/uploads\/2024\/02\/received_890600279415612-1024x768.jpeg 1024w, https:\/\/smolany.pl\/wp-content\/uploads\/2024\/02\/received_890600279415612-300x225.jpeg 300w, https:\/\/smolany.pl\/wp-content\/uploads\/2024\/02\/received_890600279415612-768x576.jpeg 768w, https:\/\/smolany.pl\/wp-content\/uploads\/2024\/02\/received_890600279415612-1536x1152.jpeg 1536w, https:\/\/smolany.pl\/wp-content\/uploads\/2024\/02\/received_890600279415612.jpeg 1930w\" sizes=\"auto, (max-width: 1024px) 100vw, 1024px\" \/><\/figure>\n<\/figure>\n\n\n\n<figure class=\"wp-block-image size-large\"><img loading=\"lazy\" decoding=\"async\" width=\"1024\" height=\"768\" src=\"https:\/\/smolany.pl\/wp-content\/uploads\/2024\/02\/IMG_20240218_134226-1024x768.jpg\" alt=\"\" class=\"wp-image-581\" srcset=\"https:\/\/smolany.pl\/wp-content\/uploads\/2024\/02\/IMG_20240218_134226-1024x768.jpg 1024w, https:\/\/smolany.pl\/wp-content\/uploads\/2024\/02\/IMG_20240218_134226-300x225.jpg 300w, https:\/\/smolany.pl\/wp-content\/uploads\/2024\/02\/IMG_20240218_134226-768x576.jpg 768w, https:\/\/smolany.pl\/wp-content\/uploads\/2024\/02\/IMG_20240218_134226-1536x1152.jpg 1536w, https:\/\/smolany.pl\/wp-content\/uploads\/2024\/02\/IMG_20240218_134226-2048x1536.jpg 2048w\" sizes=\"auto, (max-width: 1024px) 100vw, 1024px\" \/><\/figure>\n","protected":false},"excerpt":{"rendered":"<p>\u201eUtworzenie infrastruktury rekreacyjnej przy parafii p.w. \u015bw. Izydora Oracza w Smolanach\u201d 27 Lipca 2023 r. ks. Proboszcz podpisa\u0142 umow\u0119 z marsza\u0142kiem wojew\u00f3dztwa podlaskiego, w ramach kt\u00f3rej przyznano nam dofinansowanie na operacj\u0119 pt. \u201eUtworzenia infrastruktury rekreacyjnej przy parafii p.w. \u015bw. Izydora Oracza w Smolanach\u201d Uda\u0142o si\u0119 to poniewa\u017c z\u0142o\u017cyli\u015bmy wniosek , kt\u00f3ry odpowiada\u0142 na Lokaln\u0105 Strategi\u0119 [&hellip;]<\/p>\n","protected":false},"author":2,"featured_media":0,"parent":0,"menu_order":0,"comment_status":"closed","ping_status":"closed","template":"","meta":{"pgc_sgb_lightbox_settings":"","footnotes":""},"class_list":["post-525","page","type-page","status-publish","hentry"],"yoast_head":"<!-- This site is optimized with the Yoast SEO plugin v26.4 - https:\/\/yoast.com\/wordpress\/plugins\/seo\/ -->\n<title>PROW 2014-2020 dla parafii - Smolany<\/title>\n<meta name=\"robots\" content=\"index, follow, max-snippet:-1, max-image-preview:large, max-video-preview:-1\" \/>\n<link rel=\"canonical\" href=\"https:\/\/smolany.pl\/?page_id=525\" \/>\n<meta property=\"og:locale\" content=\"pl_PL\" \/>\n<meta property=\"og:type\" content=\"article\" \/>\n<meta property=\"og:title\" content=\"PROW 2014-2020 dla parafii - Smolany\" \/>\n<meta property=\"og:description\" content=\"\u201eUtworzenie infrastruktury rekreacyjnej przy parafii p.w. \u015bw. Izydora Oracza w Smolanach\u201d 27 Lipca 2023 r. ks. Proboszcz podpisa\u0142 umow\u0119 z marsza\u0142kiem wojew\u00f3dztwa podlaskiego, w ramach kt\u00f3rej przyznano nam dofinansowanie na operacj\u0119 pt. \u201eUtworzenia infrastruktury rekreacyjnej przy parafii p.w. \u015bw. Izydora Oracza w Smolanach\u201d Uda\u0142o si\u0119 to poniewa\u017c z\u0142o\u017cyli\u015bmy wniosek , kt\u00f3ry odpowiada\u0142 na Lokaln\u0105 Strategi\u0119 [&hellip;]\" \/>\n<meta property=\"og:url\" content=\"https:\/\/smolany.pl\/?page_id=525\" \/>\n<meta property=\"og:site_name\" content=\"Smolany\" \/>\n<meta property=\"article:modified_time\" content=\"2024-02-26T17:26:12+00:00\" \/>\n<meta property=\"og:image\" content=\"https:\/\/smolany.pl\/wp-content\/uploads\/2024\/02\/Smolany-LGD-5-1024x724.jpg\" \/>\n<meta name=\"twitter:card\" content=\"summary_large_image\" \/>\n<meta name=\"twitter:label1\" content=\"Szacowany czas czytania\" \/>\n\t<meta name=\"twitter:data1\" content=\"4 minuty\" \/>\n<script type=\"application\/ld+json\" class=\"yoast-schema-graph\">{\"@context\":\"https:\/\/schema.org\",\"@graph\":[{\"@type\":\"WebPage\",\"@id\":\"https:\/\/smolany.pl\/?page_id=525\",\"url\":\"https:\/\/smolany.pl\/?page_id=525\",\"name\":\"PROW 2014-2020 dla parafii - Smolany\",\"isPartOf\":{\"@id\":\"https:\/\/smolany.pl\/#website\"},\"primaryImageOfPage\":{\"@id\":\"https:\/\/smolany.pl\/?page_id=525#primaryimage\"},\"image\":{\"@id\":\"https:\/\/smolany.pl\/?page_id=525#primaryimage\"},\"thumbnailUrl\":\"https:\/\/smolany.pl\/wp-content\/uploads\/2024\/02\/Smolany-LGD-5-1024x724.jpg\",\"datePublished\":\"2024-01-31T11:09:01+00:00\",\"dateModified\":\"2024-02-26T17:26:12+00:00\",\"breadcrumb\":{\"@id\":\"https:\/\/smolany.pl\/?page_id=525#breadcrumb\"},\"inLanguage\":\"pl-PL\",\"potentialAction\":[{\"@type\":\"ReadAction\",\"target\":[\"https:\/\/smolany.pl\/?page_id=525\"]}]},{\"@type\":\"ImageObject\",\"inLanguage\":\"pl-PL\",\"@id\":\"https:\/\/smolany.pl\/?page_id=525#primaryimage\",\"url\":\"https:\/\/smolany.pl\/wp-content\/uploads\/2024\/02\/Smolany-LGD-5-scaled.jpg\",\"contentUrl\":\"https:\/\/smolany.pl\/wp-content\/uploads\/2024\/02\/Smolany-LGD-5-scaled.jpg\",\"width\":2560,\"height\":1810},{\"@type\":\"BreadcrumbList\",\"@id\":\"https:\/\/smolany.pl\/?page_id=525#breadcrumb\",\"itemListElement\":[{\"@type\":\"ListItem\",\"position\":1,\"name\":\"Strona g\u0142\u00f3wna\",\"item\":\"https:\/\/smolany.pl\/\"},{\"@type\":\"ListItem\",\"position\":2,\"name\":\"PROW 2014-2020 dla parafii\"}]},{\"@type\":\"WebSite\",\"@id\":\"https:\/\/smolany.pl\/#website\",\"url\":\"https:\/\/smolany.pl\/\",\"name\":\"Smolany\",\"description\":\"Parafia pw. \u015aw. Izydora Oracza w Smolanach\",\"potentialAction\":[{\"@type\":\"SearchAction\",\"target\":{\"@type\":\"EntryPoint\",\"urlTemplate\":\"https:\/\/smolany.pl\/?s={search_term_string}\"},\"query-input\":{\"@type\":\"PropertyValueSpecification\",\"valueRequired\":true,\"valueName\":\"search_term_string\"}}],\"inLanguage\":\"pl-PL\"}]}<\/script>\n<!-- \/ Yoast SEO plugin. -->","yoast_head_json":{"title":"PROW 2014-2020 dla parafii - Smolany","robots":{"index":"index","follow":"follow","max-snippet":"max-snippet:-1","max-image-preview":"max-image-preview:large","max-video-preview":"max-video-preview:-1"},"canonical":"https:\/\/smolany.pl\/?page_id=525","og_locale":"pl_PL","og_type":"article","og_title":"PROW 2014-2020 dla parafii - Smolany","og_description":"\u201eUtworzenie infrastruktury rekreacyjnej przy parafii p.w. \u015bw. Izydora Oracza w Smolanach\u201d 27 Lipca 2023 r. ks. Proboszcz podpisa\u0142 umow\u0119 z marsza\u0142kiem wojew\u00f3dztwa podlaskiego, w ramach kt\u00f3rej przyznano nam dofinansowanie na operacj\u0119 pt. \u201eUtworzenia infrastruktury rekreacyjnej przy parafii p.w. \u015bw. Izydora Oracza w Smolanach\u201d Uda\u0142o si\u0119 to poniewa\u017c z\u0142o\u017cyli\u015bmy wniosek , kt\u00f3ry odpowiada\u0142 na Lokaln\u0105 Strategi\u0119 [&hellip;]","og_url":"https:\/\/smolany.pl\/?page_id=525","og_site_name":"Smolany","article_modified_time":"2024-02-26T17:26:12+00:00","og_image":[{"url":"https:\/\/smolany.pl\/wp-content\/uploads\/2024\/02\/Smolany-LGD-5-1024x724.jpg","type":"","width":"","height":""}],"twitter_card":"summary_large_image","twitter_misc":{"Szacowany czas czytania":"4 minuty"},"schema":{"@context":"https:\/\/schema.org","@graph":[{"@type":"WebPage","@id":"https:\/\/smolany.pl\/?page_id=525","url":"https:\/\/smolany.pl\/?page_id=525","name":"PROW 2014-2020 dla parafii - Smolany","isPartOf":{"@id":"https:\/\/smolany.pl\/#website"},"primaryImageOfPage":{"@id":"https:\/\/smolany.pl\/?page_id=525#primaryimage"},"image":{"@id":"https:\/\/smolany.pl\/?page_id=525#primaryimage"},"thumbnailUrl":"https:\/\/smolany.pl\/wp-content\/uploads\/2024\/02\/Smolany-LGD-5-1024x724.jpg","datePublished":"2024-01-31T11:09:01+00:00","dateModified":"2024-02-26T17:26:12+00:00","breadcrumb":{"@id":"https:\/\/smolany.pl\/?page_id=525#breadcrumb"},"inLanguage":"pl-PL","potentialAction":[{"@type":"ReadAction","target":["https:\/\/smolany.pl\/?page_id=525"]}]},{"@type":"ImageObject","inLanguage":"pl-PL","@id":"https:\/\/smolany.pl\/?page_id=525#primaryimage","url":"https:\/\/smolany.pl\/wp-content\/uploads\/2024\/02\/Smolany-LGD-5-scaled.jpg","contentUrl":"https:\/\/smolany.pl\/wp-content\/uploads\/2024\/02\/Smolany-LGD-5-scaled.jpg","width":2560,"height":1810},{"@type":"BreadcrumbList","@id":"https:\/\/smolany.pl\/?page_id=525#breadcrumb","itemListElement":[{"@type":"ListItem","position":1,"name":"Strona g\u0142\u00f3wna","item":"https:\/\/smolany.pl\/"},{"@type":"ListItem","position":2,"name":"PROW 2014-2020 dla parafii"}]},{"@type":"WebSite","@id":"https:\/\/smolany.pl\/#website","url":"https:\/\/smolany.pl\/","name":"Smolany","description":"Parafia pw. \u015aw. Izydora Oracza w Smolanach","potentialAction":[{"@type":"SearchAction","target":{"@type":"EntryPoint","urlTemplate":"https:\/\/smolany.pl\/?s={search_term_string}"},"query-input":{"@type":"PropertyValueSpecification","valueRequired":true,"valueName":"search_term_string"}}],"inLanguage":"pl-PL"}]}},"_links":{"self":[{"href":"https:\/\/smolany.pl\/index.php?rest_route=\/wp\/v2\/pages\/525","targetHints":{"allow":["GET"]}}],"collection":[{"href":"https:\/\/smolany.pl\/index.php?rest_route=\/wp\/v2\/pages"}],"about":[{"href":"https:\/\/smolany.pl\/index.php?rest_route=\/wp\/v2\/types\/page"}],"author":[{"embeddable":true,"href":"https:\/\/smolany.pl\/index.php?rest_route=\/wp\/v2\/users\/2"}],"replies":[{"embeddable":true,"href":"https:\/\/smolany.pl\/index.php?rest_route=%2Fwp%2Fv2%2Fcomments&post=525"}],"version-history":[{"count":12,"href":"https:\/\/smolany.pl\/index.php?rest_route=\/wp\/v2\/pages\/525\/revisions"}],"predecessor-version":[{"id":590,"href":"https:\/\/smolany.pl\/index.php?rest_route=\/wp\/v2\/pages\/525\/revisions\/590"}],"wp:attachment":[{"href":"https:\/\/smolany.pl\/index.php?rest_route=%2Fwp%2Fv2%2Fmedia&parent=525"}],"curies":[{"name":"wp","href":"https:\/\/api.w.org\/{rel}","templated":true}]}}